{"id":801,"date":"2025-10-28T13:43:21","date_gmt":"2025-10-28T13:43:21","guid":{"rendered":"https:\/\/elenassur.com\/?page_id=801"},"modified":"2025-10-28T15:21:20","modified_gmt":"2025-10-28T15:21:20","slug":"nos-podcasts","status":"publish","type":"page","link":"https:\/\/elenassur.com\/index.php\/nos-podcasts\/","title":{"rendered":"nos podcasts"},"content":{"rendered":"\t\t<div data-elementor-type=\"wp-page\" data-elementor-id=\"801\" class=\"elementor elementor-801\" data-elementor-post-type=\"page\">\n\t\t\t\t<div class=\"elementor-element elementor-element-e03686f e-flex e-con-boxed e-con e-parent\" data-id=\"e03686f\" data-element_type=\"container\" data-e-type=\"container\">\n\t\t\t\t\t<div class=\"e-con-inner\">\n\t\t<div class=\"elementor-element elementor-element-507e8ee e-con-full e-flex e-con e-child\" data-id=\"507e8ee\" data-element_type=\"container\" data-e-type=\"container\">\n\t\t\t\t<div class=\"elementor-element elementor-element-e6da11d elementor-widget elementor-widget-video\" data-id=\"e6da11d\" data-element_type=\"widget\" data-e-type=\"widget\" data-settings=\"{&quot;video_type&quot;:&quot;hosted&quot;,&quot;controls&quot;:&quot;yes&quot;}\" data-widget_type=\"video.default\">\n\t\t\t\t\t\t\t<div class=\"e-hosted-video elementor-wrapper elementor-open-inline\">\n\t\t\t\t\t<video class=\"elementor-video\" src=\"http:\/\/elenassur.com\/wp-content\/uploads\/2025\/10\/E1_elena.mp4\" controls=\"\" preload=\"metadata\" controlsList=\"nodownload\" poster=\"http:\/\/elenassur.com\/wp-content\/uploads\/2025\/10\/IMG_0680.webp\"><\/video>\n\t\t\t\t<\/div>\n\t\t\t\t\t\t<\/div>\n\t\t\t\t<div class=\"elementor-element elementor-element-21722cb elementor-widget elementor-widget-text-editor\" data-id=\"21722cb\" data-element_type=\"widget\" data-e-type=\"widget\" data-widget_type=\"text-editor.default\">\n\t\t\t\t\t\t\t\t\t<p>Jean Pamart vous pr\u00e9sente la soci\u00e9t\u00e9 familiale, implant\u00e9e \u00e0 Sommi\u00e8res, et ses sp\u00e9cificit\u00e9s.<\/p>\t\t\t\t\t\t\t\t<\/div>\n\t\t\t\t<\/div>\n\t\t<div class=\"elementor-element elementor-element-33f18bc e-con-full e-flex e-con e-child\" data-id=\"33f18bc\" data-element_type=\"container\" data-e-type=\"container\">\n\t\t\t\t<div class=\"elementor-element elementor-element-b5be4e0 elementor-widget elementor-widget-video\" data-id=\"b5be4e0\" data-element_type=\"widget\" data-e-type=\"widget\" data-settings=\"{&quot;video_type&quot;:&quot;hosted&quot;,&quot;controls&quot;:&quot;yes&quot;}\" data-widget_type=\"video.default\">\n\t\t\t\t\t\t\t<div class=\"e-hosted-video elementor-wrapper elementor-open-inline\">\n\t\t\t\t\t<video class=\"elementor-video\" src=\"http:\/\/elenassur.com\/wp-content\/uploads\/2025\/10\/E8_normadlife_long.mp4\" controls=\"\" preload=\"metadata\" controlsList=\"nodownload\" poster=\"http:\/\/elenassur.com\/wp-content\/uploads\/2025\/10\/IMG_0694.jpg\"><\/video>\n\t\t\t\t<\/div>\n\t\t\t\t\t\t<\/div>\n\t\t\t\t<div class=\"elementor-element elementor-element-9b450af elementor-widget elementor-widget-text-editor\" data-id=\"9b450af\" data-element_type=\"widget\" data-e-type=\"widget\" data-widget_type=\"text-editor.default\">\n\t\t\t\t\t\t\t\t\t<p>Jean Pamart explique les offres pour les v\u00e9hicules en nomad&#8217;life id\u00e9ales pour les caravanes en habitation.<\/p>\t\t\t\t\t\t\t\t<\/div>\n\t\t\t\t<\/div>\n\t\t<div class=\"elementor-element elementor-element-e699b07 e-con-full elementor-hidden-mobile e-flex e-con e-child\" data-id=\"e699b07\" data-element_type=\"container\" data-e-type=\"container\">\n\t\t\t\t<div class=\"elementor-element elementor-element-0382bf4 elementor-widget elementor-widget-video\" data-id=\"0382bf4\" data-element_type=\"widget\" data-e-type=\"widget\" data-settings=\"{&quot;video_type&quot;:&quot;hosted&quot;,&quot;controls&quot;:&quot;yes&quot;}\" data-widget_type=\"video.default\">\n\t\t\t\t\t\t\t<div class=\"e-hosted-video elementor-wrapper elementor-open-inline\">\n\t\t\t\t\t<video class=\"elementor-video\" src=\"http:\/\/elenassur.com\/wp-content\/uploads\/2025\/10\/E6_rc_prohornec.mp4\" controls=\"\" preload=\"metadata\" controlsList=\"nodownload\" poster=\"http:\/\/elenassur.com\/wp-content\/uploads\/2025\/10\/IMG_0687.jpg\"><\/video>\n\t\t\t\t<\/div>\n\t\t\t\t\t\t<\/div>\n\t\t\t\t<div class=\"elementor-element elementor-element-5f12a68 elementor-widget elementor-widget-text-editor\" data-id=\"5f12a68\" data-element_type=\"widget\" data-e-type=\"widget\" data-widget_type=\"text-editor.default\">\n\t\t\t\t\t\t\t\t\t<p>Paco Hornec vous parle de la responsabilit\u00e9 civile pour les pros, une assurance d\u00e9cennale pour les artisans.<\/p>\t\t\t\t\t\t\t\t<\/div>\n\t\t\t\t<\/div>\n\t\t<div class=\"elementor-element elementor-element-496e065 e-con-full elementor-hidden-mobile e-flex e-con e-child\" data-id=\"496e065\" data-element_type=\"container\" data-e-type=\"container\">\n\t\t\t\t<div class=\"elementor-element elementor-element-5c584ef elementor-widget elementor-widget-video\" data-id=\"5c584ef\" data-element_type=\"widget\" data-e-type=\"widget\" data-settings=\"{&quot;video_type&quot;:&quot;hosted&quot;,&quot;controls&quot;:&quot;yes&quot;}\" data-widget_type=\"video.default\">\n\t\t\t\t\t\t\t<div class=\"e-hosted-video elementor-wrapper elementor-open-inline\">\n\t\t\t\t\t<video class=\"elementor-video\" src=\"http:\/\/elenassur.com\/wp-content\/uploads\/2025\/10\/E5_tarifs.mp4\" controls=\"\" preload=\"metadata\" controlsList=\"nodownload\" poster=\"http:\/\/elenassur.com\/wp-content\/uploads\/2025\/10\/IMG_0691.jpg\"><\/video>\n\t\t\t\t<\/div>\n\t\t\t\t\t\t<\/div>\n\t\t\t\t<div class=\"elementor-element elementor-element-76bd735 elementor-widget elementor-widget-text-editor\" data-id=\"76bd735\" data-element_type=\"widget\" data-e-type=\"widget\" data-widget_type=\"text-editor.default\">\n\t\t\t\t\t\t\t\t\t<p>L&#8217;augmentation des tarifs de certaines assurances ? Jean Pamart vous en explique les raisons.<\/p>\t\t\t\t\t\t\t\t<\/div>\n\t\t\t\t<\/div>\n\t\t\t\t\t<\/div>\n\t\t\t\t<\/div>\n\t\t<div class=\"elementor-element elementor-element-840ba6a e-flex e-con-boxed e-con e-parent\" data-id=\"840ba6a\" data-element_type=\"container\" data-e-type=\"container\">\n\t\t\t\t\t<div class=\"e-con-inner\">\n\t\t<div class=\"elementor-element elementor-element-2e89fd5 e-con-full e-flex e-con e-child\" data-id=\"2e89fd5\" data-element_type=\"container\" data-e-type=\"container\">\n\t\t\t\t<div class=\"elementor-element elementor-element-803bb7c elementor-widget elementor-widget-video\" data-id=\"803bb7c\" data-element_type=\"widget\" data-e-type=\"widget\" data-settings=\"{&quot;video_type&quot;:&quot;hosted&quot;,&quot;controls&quot;:&quot;yes&quot;}\" data-widget_type=\"video.default\">\n\t\t\t\t\t\t\t<div class=\"e-hosted-video elementor-wrapper elementor-open-inline\">\n\t\t\t\t\t<video class=\"elementor-video\" src=\"http:\/\/elenassur.com\/wp-content\/uploads\/2025\/10\/E3_concurrents.mp4\" controls=\"\" preload=\"metadata\" controlsList=\"nodownload\" poster=\"http:\/\/elenassur.com\/wp-content\/uploads\/2025\/10\/IMG_0688.jpg\"><\/video>\n\t\t\t\t<\/div>\n\t\t\t\t\t\t<\/div>\n\t\t\t\t<div class=\"elementor-element elementor-element-7f946be elementor-widget elementor-widget-text-editor\" data-id=\"7f946be\" data-element_type=\"widget\" data-e-type=\"widget\" data-widget_type=\"text-editor.default\">\n\t\t\t\t\t\t\t\t\t<p>Jean Pamart \u00e9change avec vous sur les concurrents, en transparence, et compare les garanties.<\/p>\t\t\t\t\t\t\t\t<\/div>\n\t\t\t\t<\/div>\n\t\t<div class=\"elementor-element elementor-element-f234102 e-con-full e-flex e-con e-child\" data-id=\"f234102\" data-element_type=\"container\" data-e-type=\"container\">\n\t\t\t\t<div class=\"elementor-element elementor-element-9cdcaa5 elementor-widget elementor-widget-video\" data-id=\"9cdcaa5\" data-element_type=\"widget\" data-e-type=\"widget\" data-settings=\"{&quot;video_type&quot;:&quot;hosted&quot;,&quot;controls&quot;:&quot;yes&quot;}\" data-widget_type=\"video.default\">\n\t\t\t\t\t\t\t<div class=\"e-hosted-video elementor-wrapper elementor-open-inline\">\n\t\t\t\t\t<video class=\"elementor-video\" src=\"http:\/\/elenassur.com\/wp-content\/uploads\/2025\/10\/E10_sinistres_light.mov\" controls=\"\" preload=\"metadata\" controlsList=\"nodownload\" poster=\"http:\/\/elenassur.com\/wp-content\/uploads\/2025\/10\/IMG_0683.webp\"><\/video>\n\t\t\t\t<\/div>\n\t\t\t\t\t\t<\/div>\n\t\t\t\t<div class=\"elementor-element elementor-element-9ecc0b8 elementor-widget elementor-widget-text-editor\" data-id=\"9ecc0b8\" data-element_type=\"widget\" data-e-type=\"widget\" data-widget_type=\"text-editor.default\">\n\t\t\t\t\t\t\t\t\t<p>Jean Pamart \u00e9voque les sinistres rencontr\u00e9es sur les offres pour les caravanes en habitation.<\/p>\t\t\t\t\t\t\t\t<\/div>\n\t\t\t\t<\/div>\n\t\t<div class=\"elementor-element elementor-element-fa89e83 e-con-full elementor-hidden-mobile e-flex e-con e-child\" data-id=\"fa89e83\" data-element_type=\"container\" data-e-type=\"container\">\n\t\t\t\t<div class=\"elementor-element elementor-element-bb495da elementor-widget elementor-widget-video\" data-id=\"bb495da\" data-element_type=\"widget\" data-e-type=\"widget\" data-settings=\"{&quot;video_type&quot;:&quot;hosted&quot;,&quot;controls&quot;:&quot;yes&quot;}\" data-widget_type=\"video.default\">\n\t\t\t\t\t\t\t<div class=\"e-hosted-video elementor-wrapper elementor-open-inline\">\n\t\t\t\t\t<video class=\"elementor-video\" src=\"http:\/\/elenassur.com\/wp-content\/uploads\/2025\/10\/E9_devis-nomadlife.mp4\" controls=\"\" preload=\"metadata\" controlsList=\"nodownload\" poster=\"http:\/\/elenassur.com\/wp-content\/uploads\/2025\/10\/IMG_0693.jpg\"><\/video>\n\t\t\t\t<\/div>\n\t\t\t\t\t\t<\/div>\n\t\t\t\t<div class=\"elementor-element elementor-element-f3afd49 elementor-widget elementor-widget-text-editor\" data-id=\"f3afd49\" data-element_type=\"widget\" data-e-type=\"widget\" data-widget_type=\"text-editor.default\">\n\t\t\t\t\t\t\t\t\t<p>Un devis pour les offres des v\u00e9hicules en nomad&#8217;life ? Jean Pamart vous explique.<\/p>\t\t\t\t\t\t\t\t<\/div>\n\t\t\t\t<\/div>\n\t\t<div class=\"elementor-element elementor-element-3303391 e-con-full elementor-hidden-mobile e-flex e-con e-child\" data-id=\"3303391\" data-element_type=\"container\" data-e-type=\"container\">\n\t\t\t\t<div class=\"elementor-element elementor-element-c688d6c elementor-widget elementor-widget-video\" data-id=\"c688d6c\" data-element_type=\"widget\" data-e-type=\"widget\" data-settings=\"{&quot;video_type&quot;:&quot;hosted&quot;,&quot;controls&quot;:&quot;yes&quot;}\" data-widget_type=\"video.default\">\n\t\t\t\t\t\t\t<div class=\"e-hosted-video elementor-wrapper elementor-open-inline\">\n\t\t\t\t\t<video class=\"elementor-video\" src=\"http:\/\/elenassur.com\/wp-content\/uploads\/2025\/10\/E7_devis_rc_prohornec.mp4\" controls=\"\" preload=\"metadata\" controlsList=\"nodownload\" poster=\"http:\/\/elenassur.com\/wp-content\/uploads\/2025\/10\/IMG_0692.jpg\"><\/video>\n\t\t\t\t<\/div>\n\t\t\t\t\t\t<\/div>\n\t\t\t\t<div class=\"elementor-element elementor-element-4f82eaf elementor-widget elementor-widget-text-editor\" data-id=\"4f82eaf\" data-element_type=\"widget\" data-e-type=\"widget\" data-widget_type=\"text-editor.default\">\n\t\t\t\t\t\t\t\t\t<p>Un devis pour la responsabilit\u00e9 civile pour les pros ? Paco Hornec vous explique.<\/p>\t\t\t\t\t\t\t\t<\/div>\n\t\t\t\t<\/div>\n\t\t\t\t\t<\/div>\n\t\t\t\t<\/div>\n\t\t<div class=\"elementor-element elementor-element-4d6e33c e-flex e-con-boxed e-con e-parent\" data-id=\"4d6e33c\" data-element_type=\"container\" data-e-type=\"container\">\n\t\t\t\t\t<div class=\"e-con-inner\">\n\t\t<div class=\"elementor-element elementor-element-0e7f0a1 e-con-full e-flex e-con e-child\" data-id=\"0e7f0a1\" data-element_type=\"container\" data-e-type=\"container\">\n\t\t\t\t<div class=\"elementor-element elementor-element-80f4140 elementor-widget elementor-widget-video\" data-id=\"80f4140\" data-element_type=\"widget\" data-e-type=\"widget\" data-settings=\"{&quot;video_type&quot;:&quot;hosted&quot;,&quot;controls&quot;:&quot;yes&quot;}\" data-widget_type=\"video.default\">\n\t\t\t\t\t\t\t<div class=\"e-hosted-video elementor-wrapper elementor-open-inline\">\n\t\t\t\t\t<video class=\"elementor-video\" src=\"http:\/\/elenassur.com\/wp-content\/uploads\/2025\/10\/E11_prevoyance_sportif_promp4.mp4\" controls=\"\" preload=\"metadata\" controlsList=\"nodownload\" poster=\"http:\/\/elenassur.com\/wp-content\/uploads\/2025\/10\/IMG_0681.webp\"><\/video>\n\t\t\t\t<\/div>\n\t\t\t\t\t\t<\/div>\n\t\t\t\t<div class=\"elementor-element elementor-element-5b1a2e0 elementor-widget elementor-widget-text-editor\" data-id=\"5b1a2e0\" data-element_type=\"widget\" data-e-type=\"widget\" data-widget_type=\"text-editor.default\">\n\t\t\t\t\t\t\t\t\t<p>La pr\u00e9voyance pour les sportifs pros, Jean Pamart vous en parle.<\/p>\t\t\t\t\t\t\t\t<\/div>\n\t\t\t\t<\/div>\n\t\t<div class=\"elementor-element elementor-element-0bc0b9d e-con-full e-flex e-con e-child\" data-id=\"0bc0b9d\" data-element_type=\"container\" data-e-type=\"container\">\n\t\t\t\t<div class=\"elementor-element elementor-element-a8fbdcd elementor-widget elementor-widget-video\" data-id=\"a8fbdcd\" data-element_type=\"widget\" data-e-type=\"widget\" data-settings=\"{&quot;video_type&quot;:&quot;hosted&quot;,&quot;controls&quot;:&quot;yes&quot;}\" data-widget_type=\"video.default\">\n\t\t\t\t\t\t\t<div class=\"e-hosted-video elementor-wrapper elementor-open-inline\">\n\t\t\t\t\t<video class=\"elementor-video\" src=\"http:\/\/elenassur.com\/wp-content\/uploads\/2025\/10\/E15_en_famille.mp4\" controls=\"\" preload=\"metadata\" controlsList=\"nodownload\" poster=\"http:\/\/elenassur.com\/wp-content\/uploads\/2025\/10\/IMG_0685.jpg\"><\/video>\n\t\t\t\t<\/div>\n\t\t\t\t\t\t<\/div>\n\t\t\t\t<div class=\"elementor-element elementor-element-a0f9c6d elementor-widget elementor-widget-text-editor\" data-id=\"a0f9c6d\" data-element_type=\"widget\" data-e-type=\"widget\" data-widget_type=\"text-editor.default\">\n\t\t\t\t\t\t\t\t\t<p>La soci\u00e9t\u00e9 &gt;elena c&#8217;est une histoire de famille, Jean Pamart vous en parle.<\/p>\t\t\t\t\t\t\t\t<\/div>\n\t\t\t\t<\/div>\n\t\t<div class=\"elementor-element elementor-element-6de0bc4 e-con-full elementor-hidden-mobile e-flex e-con e-child\" data-id=\"6de0bc4\" data-element_type=\"container\" data-e-type=\"container\">\n\t\t\t\t<div class=\"elementor-element elementor-element-5b6ed82 elementor-widget elementor-widget-video\" data-id=\"5b6ed82\" data-element_type=\"widget\" data-e-type=\"widget\" data-settings=\"{&quot;video_type&quot;:&quot;hosted&quot;,&quot;controls&quot;:&quot;yes&quot;}\" data-widget_type=\"video.default\">\n\t\t\t\t\t\t\t<div class=\"e-hosted-video elementor-wrapper elementor-open-inline\">\n\t\t\t\t\t<video class=\"elementor-video\" src=\"http:\/\/elenassur.com\/wp-content\/uploads\/2025\/10\/E14_actions_caritatives.mp4\" controls=\"\" preload=\"metadata\" controlsList=\"nodownload\" poster=\"http:\/\/elenassur.com\/wp-content\/uploads\/2025\/10\/IMG_0684.jpg\"><\/video>\n\t\t\t\t<\/div>\n\t\t\t\t\t\t<\/div>\n\t\t\t\t<div class=\"elementor-element elementor-element-2097e5b elementor-widget elementor-widget-text-editor\" data-id=\"2097e5b\" data-element_type=\"widget\" data-e-type=\"widget\" data-widget_type=\"text-editor.default\">\n\t\t\t\t\t\t\t\t\t<p>Les actions caritatives, c&#8217;est chaque ann\u00e9e un plaisir pour les \u00e9quipes de la soci\u00e9t\u00e9.<\/p>\t\t\t\t\t\t\t\t<\/div>\n\t\t\t\t<\/div>\n\t\t<div class=\"elementor-element elementor-element-dbb5403 e-con-full elementor-hidden-mobile e-flex e-con e-child\" data-id=\"dbb5403\" data-element_type=\"container\" data-e-type=\"container\">\n\t\t\t\t<div class=\"elementor-element elementor-element-96ccb09 elementor-widget elementor-widget-video\" data-id=\"96ccb09\" data-element_type=\"widget\" data-e-type=\"widget\" data-settings=\"{&quot;video_type&quot;:&quot;hosted&quot;,&quot;controls&quot;:&quot;yes&quot;}\" data-widget_type=\"video.default\">\n\t\t\t\t\t\t\t<div class=\"e-hosted-video elementor-wrapper elementor-open-inline\">\n\t\t\t\t\t<video class=\"elementor-video\" src=\"http:\/\/elenassur.com\/wp-content\/uploads\/2025\/10\/E8_nomadlife_court.mp4\" controls=\"\" preload=\"metadata\" controlsList=\"nodownload\" poster=\"http:\/\/elenassur.com\/wp-content\/uploads\/2025\/10\/IMG_0694.jpg\"><\/video>\n\t\t\t\t<\/div>\n\t\t\t\t\t\t<\/div>\n\t\t\t\t<div class=\"elementor-element elementor-element-d694fbb elementor-widget elementor-widget-text-editor\" data-id=\"d694fbb\" data-element_type=\"widget\" data-e-type=\"widget\" data-widget_type=\"text-editor.default\">\n\t\t\t\t\t\t\t\t\t<p>La nomad&#8217;life en quelques mots pour la comprendre.<\/p>\t\t\t\t\t\t\t\t<\/div>\n\t\t\t\t<\/div>\n\t\t\t\t\t<\/div>\n\t\t\t\t<\/div>\n\t\t\t\t<\/div>\n\t\t","protected":false},"excerpt":{"rendered":"<p>http:\/\/elenassur.com\/wp-content\/uploads\/2025\/10\/E1_elena.mp4 Jean Pamart vous pr\u00e9sente la soci\u00e9t\u00e9 familiale, implant\u00e9e \u00e0 Sommi\u00e8res, et ses sp\u00e9cificit\u00e9s. http:\/\/elenassur.com\/wp-content\/uploads\/2025\/10\/E8_normadlife_long.mp4 Jean Pamart explique les offres pour les v\u00e9hicules en nomad&#8217;life id\u00e9ales pour les caravanes en habitation. http:\/\/elenassur.com\/wp-content\/uploads\/2025\/10\/E6_rc_prohornec.mp4 Paco Hornec vous parle de la responsabilit\u00e9 civile pour les pros, une assurance d\u00e9cennale pour les artisans. http:\/\/elenassur.com\/wp-content\/uploads\/2025\/10\/E5_tarifs.mp4 L&#8217;augmentation des tarifs de certaines [&hellip;]<\/p>\n","protected":false},"author":1,"featured_media":0,"parent":0,"menu_order":0,"comment_status":"closed","ping_status":"closed","template":"","meta":{"footnotes":""},"class_list":["post-801","page","type-page","status-publish","hentry"],"_links":{"self":[{"href":"https:\/\/elenassur.com\/index.php\/wp-json\/wp\/v2\/pages\/801","targetHints":{"allow":["GET"]}}],"collection":[{"href":"https:\/\/elenassur.com\/index.php\/wp-json\/wp\/v2\/pages"}],"about":[{"href":"https:\/\/elenassur.com\/index.php\/wp-json\/wp\/v2\/types\/page"}],"author":[{"embeddable":true,"href":"https:\/\/elenassur.com\/index.php\/wp-json\/wp\/v2\/users\/1"}],"replies":[{"embeddable":true,"href":"https:\/\/elenassur.com\/index.php\/wp-json\/wp\/v2\/comments?post=801"}],"version-history":[{"count":19,"href":"https:\/\/elenassur.com\/index.php\/wp-json\/wp\/v2\/pages\/801\/revisions"}],"predecessor-version":[{"id":846,"href":"https:\/\/elenassur.com\/index.php\/wp-json\/wp\/v2\/pages\/801\/revisions\/846"}],"wp:attachment":[{"href":"https:\/\/elenassur.com\/index.php\/wp-json\/wp\/v2\/media?parent=801"}],"curies":[{"name":"wp","href":"https:\/\/api.w.org\/{rel}","templated":true}]}}