{"id":554,"date":"2025-10-16T11:41:37","date_gmt":"2025-10-16T11:41:37","guid":{"rendered":"https:\/\/elenassur.com\/?page_id=554"},"modified":"2025-10-16T11:42:45","modified_gmt":"2025-10-16T11:42:45","slug":"votre-demande-de-devis-pour-la-prevoyance-sportif-pro","status":"publish","type":"page","link":"https:\/\/elenassur.com\/index.php\/votre-demande-de-devis-pour-la-prevoyance-sportif-pro\/","title":{"rendered":"votre demande de devis pour la pr\u00e9voyance sportif pro"},"content":{"rendered":"\t\t<div data-elementor-type=\"wp-page\" data-elementor-id=\"554\" class=\"elementor elementor-554\" data-elementor-post-type=\"page\">\n\t\t\t\t<div class=\"elementor-element elementor-element-c36fe28 e-flex e-con-boxed e-con e-parent\" data-id=\"c36fe28\" data-element_type=\"container\" data-e-type=\"container\">\n\t\t\t\t\t<div class=\"e-con-inner\">\n\t\t<div class=\"elementor-element elementor-element-14cd5da e-con-full e-flex e-con e-child\" data-id=\"14cd5da\" data-element_type=\"container\" data-e-type=\"container\">\n\t\t\t\t<div class=\"elementor-element elementor-element-bbf0b0f elementor-widget elementor-widget-image\" data-id=\"bbf0b0f\" data-element_type=\"widget\" data-e-type=\"widget\" data-widget_type=\"image.default\">\n\t\t\t\t\t\t\t\t\t\t\t\t\t\t\t<img fetchpriority=\"high\" decoding=\"async\" width=\"800\" height=\"800\" src=\"https:\/\/elenassur.com\/wp-content\/uploads\/2025\/10\/carre_prev-1024x1024.webp\" class=\"attachment-large size-large wp-image-413\" alt=\"\" srcset=\"https:\/\/elenassur.com\/wp-content\/uploads\/2025\/10\/carre_prev-1024x1024.webp 1024w, https:\/\/elenassur.com\/wp-content\/uploads\/2025\/10\/carre_prev-300x300.webp 300w, https:\/\/elenassur.com\/wp-content\/uploads\/2025\/10\/carre_prev-150x150.webp 150w, https:\/\/elenassur.com\/wp-content\/uploads\/2025\/10\/carre_prev-768x768.png 768w, https:\/\/elenassur.com\/wp-content\/uploads\/2025\/10\/carre_prev.webp 1481w\" sizes=\"(max-width: 800px) 100vw, 800px\" \/>\t\t\t\t\t\t\t\t\t\t\t\t\t\t\t<\/div>\n\t\t\t\t<\/div>\n\t\t<div class=\"elementor-element elementor-element-710d7fc e-con-full e-flex e-con e-child\" data-id=\"710d7fc\" data-element_type=\"container\" data-e-type=\"container\">\n\t\t\t\t<div class=\"elementor-element elementor-element-75ef9a4 elementor-widget elementor-widget-wpforms\" data-id=\"75ef9a4\" data-element_type=\"widget\" data-e-type=\"widget\" data-widget_type=\"wpforms.default\">\n\t\t\t\t<div class=\"elementor-widget-container\">\n\t\t\t\t\t<div class=\"wpforms-container wpforms-container-full wpforms-render-modern\" id=\"wpforms-540\"><form id=\"wpforms-form-540\" class=\"wpforms-validate wpforms-form wpforms-ajax-form\" data-formid=\"540\" method=\"post\" enctype=\"multipart\/form-data\" action=\"\/index.php\/wp-json\/wp\/v2\/pages\/554\" data-token=\"2e4afac64dbbdb6272efe6b338f2dd6b\" data-token-time=\"1776325407\"><noscript class=\"wpforms-error-noscript\">Veuillez activer JavaScript dans votre navigateur pour remplir ce formulaire.<\/noscript><div id=\"wpforms-error-noscript\" style=\"display: none;\">Veuillez activer JavaScript dans votre navigateur pour remplir ce formulaire.<\/div><div class=\"wpforms-field-container\"><div id=\"wpforms-540-field_5-container\" class=\"wpforms-field wpforms-field-name\" data-field-id=\"5\"><fieldset><legend class=\"wpforms-field-label\">indiquez votre identit\u00e9 : <span class=\"wpforms-required-label\" aria-hidden=\"true\">*<\/span><\/legend><div class=\"wpforms-field-row wpforms-field-medium\"><div class=\"wpforms-field-row-block wpforms-first wpforms-one-half\"><input type=\"text\" id=\"wpforms-540-field_5\" class=\"wpforms-field-name-first wpforms-field-required\" name=\"wpforms[fields][5][first]\" aria-errormessage=\"wpforms-540-field_5-error\" required><label for=\"wpforms-540-field_5\" class=\"wpforms-field-sublabel after wpforms-sublabel-hide\">Pr\u00e9nom<\/label><\/div><div class=\"wpforms-field-row-block wpforms-one-half\"><input type=\"text\" id=\"wpforms-540-field_5-last\" class=\"wpforms-field-name-last wpforms-field-required\" name=\"wpforms[fields][5][last]\" aria-errormessage=\"wpforms-540-field_5-last-error\" required><label for=\"wpforms-540-field_5-last\" class=\"wpforms-field-sublabel after wpforms-sublabel-hide\">Nom<\/label><\/div><\/div><\/fieldset><\/div>\t\t<div id=\"wpforms-540-field_1-container\"\n\t\t\tclass=\"wpforms-field wpforms-field-text\"\n\t\t\tdata-field-type=\"text\"\n\t\t\tdata-field-id=\"1\"\n\t\t\t>\n\t\t\t<label class=\"wpforms-field-label\" for=\"wpforms-540-field_1\" >vous identit\u00e9 pas<\/label>\n\t\t\t<input type=\"text\" id=\"wpforms-540-field_1\" class=\"wpforms-field-medium\" name=\"wpforms[fields][1]\" >\n\t\t<\/div>\n\t\t<div id=\"wpforms-540-field_6-container\" class=\"wpforms-field wpforms-field-email\" data-field-id=\"6\"><label class=\"wpforms-field-label\" for=\"wpforms-540-field_6\">indiquez votre mail : <span class=\"wpforms-required-label\" aria-hidden=\"true\">*<\/span><\/label><input type=\"email\" id=\"wpforms-540-field_6\" class=\"wpforms-field-medium wpforms-field-required\" name=\"wpforms[fields][6]\" spellcheck=\"false\" aria-errormessage=\"wpforms-540-field_6-error\" required><\/div><div id=\"wpforms-540-field_7-container\" class=\"wpforms-field wpforms-field-phone\" data-field-id=\"7\"><label class=\"wpforms-field-label\" for=\"wpforms-540-field_7\">indiquez votre t\u00e9l\u00e9phone : <span class=\"wpforms-required-label\" aria-hidden=\"true\">*<\/span><\/label><input type=\"tel\" id=\"wpforms-540-field_7\" class=\"wpforms-field-medium wpforms-field-required wpforms-smart-phone-field\" data-rule-smart-phone-field=\"true\" name=\"wpforms[fields][7]\" aria-label=\"indiquez votre t\u00e9l\u00e9phone :\" aria-errormessage=\"wpforms-540-field_7-error\" required><\/div><div id=\"wpforms-540-field_19-container\" class=\"wpforms-field wpforms-field-captcha\" data-field-id=\"19\"><label class=\"wpforms-field-label\" for=\"wpforms-540-field_19\">indiquez que vous n&#039;\u00eates pas un robot : <span class=\"wpforms-required-label\" aria-hidden=\"true\">*<\/span><\/label>\t\t\t<div class=\"wpforms-captcha-math\">\n\t\t\t\t<span id=\"wpforms-540-field_19-question\" class=\"wpforms-captcha-equation\">\n\t\t\t\t\t<span class=\"n1\">5<\/span>\n\t\t\t\t\t\t\t<span class=\"cal\">*<\/span>\n\t\t\t\t\t\t\t<span class=\"n2\">12<\/span>\t\t\t\t\t<span class=\"e\">=<\/span>\n\t\t\t\t<\/span>\n\t\t\t\t<input type=\"text\" id=\"wpforms-540-field_19\" class=\"wpforms-field-medium wpforms-field-required a\" data-rule-wpf-captcha=\"math\" data-is-wrapped-field=\"1\" name=\"wpforms[fields][19][a]\" aria-errormessage=\"wpforms-540-field_19-error\" aria-describedby=\"wpforms-540-field_19-question\" required>\t\t\t\t<input type=\"hidden\" name=\"wpforms[fields][19][cal]\" class=\"cal\">\n\t\t\t\t<input type=\"hidden\" name=\"wpforms[fields][19][n2]\" class=\"n2\">\n\t\t\t\t<input type=\"hidden\" name=\"wpforms[fields][19][n1]\" class=\"n1\">\n\t\t\t<\/div>\n\t\t\t<\/div><script>\n\t\t\t\t( function() {\n\t\t\t\t\tconst style = document.createElement( 'style' );\n\t\t\t\t\tstyle.appendChild( document.createTextNode( '#wpforms-540-field_1-container { position: absolute !important; overflow: hidden !important; display: inline !important; height: 1px !important; width: 1px !important; z-index: -1000 !important; padding: 0 !important; } #wpforms-540-field_1-container input { visibility: hidden; } #wpforms-conversational-form-page #wpforms-540-field_1-container label { counter-increment: none; }' ) );\n\t\t\t\t\tdocument.head.appendChild( style );\n\t\t\t\t\tdocument.currentScript?.remove();\n\t\t\t\t} )();\n\t\t\t<\/script><\/div><!-- .wpforms-field-container --><div class=\"wpforms-submit-container\" ><input type=\"hidden\" name=\"wpforms[id]\" value=\"540\"><input type=\"hidden\" name=\"page_title\" value=\"\"><input type=\"hidden\" name=\"page_url\" value=\"https:\/\/elenassur.com\/index.php\/wp-json\/wp\/v2\/pages\/554\"><input type=\"hidden\" name=\"url_referer\" value=\"\"><button type=\"submit\" name=\"wpforms[submit]\" id=\"wpforms-submit-540\" class=\"wpforms-submit\" data-alt-text=\"Envoi...\" data-submit-text=\"Envoyer\" aria-live=\"assertive\" value=\"wpforms-submit\">Envoyer<\/button><img decoding=\"async\" src=\"https:\/\/elenassur.com\/wp-content\/plugins\/wpforms\/assets\/images\/submit-spin.svg\" class=\"wpforms-submit-spinner\" style=\"display: none;\" width=\"26\" height=\"26\" alt=\"Chargement en cours\"><\/div><\/form><\/div>  <!-- .wpforms-container -->\t\t\t\t<\/div>\n\t\t\t\t<\/div>\n\t\t\t\t<\/div>\n\t\t\t\t\t<\/div>\n\t\t\t\t<\/div>\n\t\t\t\t<\/div>\n\t\t","protected":false},"excerpt":{"rendered":"<p>Veuillez activer JavaScript dans votre navigateur pour remplir ce formulaire.Veuillez activer JavaScript dans votre navigateur pour remplir ce formulaire. indiquez votre identit\u00e9 : * Pr\u00e9nomNom indiquez votre mail : *indiquez votre t\u00e9l\u00e9phone : * indiquez que vous n&#039;\u00eates pas un robot : * 12 + 9 = Envoyer<\/p>\n","protected":false},"author":1,"featured_media":0,"parent":0,"menu_order":0,"comment_status":"closed","ping_status":"closed","template":"","meta":{"footnotes":""},"class_list":["post-554","page","type-page","status-publish","hentry"],"_links":{"self":[{"href":"https:\/\/elenassur.com\/index.php\/wp-json\/wp\/v2\/pages\/554","targetHints":{"allow":["GET"]}}],"collection":[{"href":"https:\/\/elenassur.com\/index.php\/wp-json\/wp\/v2\/pages"}],"about":[{"href":"https:\/\/elenassur.com\/index.php\/wp-json\/wp\/v2\/types\/page"}],"author":[{"embeddable":true,"href":"https:\/\/elenassur.com\/index.php\/wp-json\/wp\/v2\/users\/1"}],"replies":[{"embeddable":true,"href":"https:\/\/elenassur.com\/index.php\/wp-json\/wp\/v2\/comments?post=554"}],"version-history":[{"count":10,"href":"https:\/\/elenassur.com\/index.php\/wp-json\/wp\/v2\/pages\/554\/revisions"}],"predecessor-version":[{"id":564,"href":"https:\/\/elenassur.com\/index.php\/wp-json\/wp\/v2\/pages\/554\/revisions\/564"}],"wp:attachment":[{"href":"https:\/\/elenassur.com\/index.php\/wp-json\/wp\/v2\/media?parent=554"}],"curies":[{"name":"wp","href":"https:\/\/api.w.org\/{rel}","templated":true}]}}