{"id":504,"date":"2025-10-16T09:09:18","date_gmt":"2025-10-16T09:09:18","guid":{"rendered":"https:\/\/elenassur.com\/?page_id=504"},"modified":"2025-10-16T13:10:30","modified_gmt":"2025-10-16T13:10:30","slug":"politique-de-cookies","status":"publish","type":"page","link":"https:\/\/elenassur.com\/index.php\/politique-de-cookies\/","title":{"rendered":"politique de cookies"},"content":{"rendered":"\t\t<div data-elementor-type=\"wp-page\" data-elementor-id=\"504\" class=\"elementor elementor-504\" data-elementor-post-type=\"page\">\n\t\t\t\t<div class=\"elementor-element elementor-element-aa520ef e-flex e-con-boxed e-con e-parent\" data-id=\"aa520ef\" data-element_type=\"container\" data-e-type=\"container\">\n\t\t\t\t\t<div class=\"e-con-inner\">\n\t\t<div class=\"elementor-element elementor-element-1e2b29d e-con-full e-flex e-con e-child\" data-id=\"1e2b29d\" data-element_type=\"container\" data-e-type=\"container\">\n\t\t\t\t<div class=\"elementor-element elementor-element-e66d93e elementor-widget elementor-widget-image\" data-id=\"e66d93e\" data-element_type=\"widget\" data-e-type=\"widget\" data-widget_type=\"image.default\">\n\t\t\t\t\t\t\t\t\t\t\t\t\t\t\t<img fetchpriority=\"high\" decoding=\"async\" width=\"800\" height=\"800\" src=\"https:\/\/elenassur.com\/wp-content\/uploads\/2025\/10\/carre-multicolore-1024x1024.png\" class=\"attachment-large size-large wp-image-233\" alt=\"\" srcset=\"https:\/\/elenassur.com\/wp-content\/uploads\/2025\/10\/carre-multicolore-1024x1024.png 1024w, https:\/\/elenassur.com\/wp-content\/uploads\/2025\/10\/carre-multicolore-300x300.png 300w, https:\/\/elenassur.com\/wp-content\/uploads\/2025\/10\/carre-multicolore-150x150.png 150w, https:\/\/elenassur.com\/wp-content\/uploads\/2025\/10\/carre-multicolore-768x768.png 768w, https:\/\/elenassur.com\/wp-content\/uploads\/2025\/10\/carre-multicolore.webp 1481w\" sizes=\"(max-width: 800px) 100vw, 800px\" \/>\t\t\t\t\t\t\t\t\t\t\t\t\t\t\t<\/div>\n\t\t\t\t<\/div>\n\t\t<div class=\"elementor-element elementor-element-afcae0b e-con-full e-flex e-con e-child\" data-id=\"afcae0b\" data-element_type=\"container\" data-e-type=\"container\">\n\t\t\t\t<div class=\"elementor-element elementor-element-ebd00ef elementor-invisible elementor-widget elementor-widget-heading\" data-id=\"ebd00ef\" data-element_type=\"widget\" data-e-type=\"widget\" data-settings=\"{&quot;_animation&quot;:&quot;fadeIn&quot;}\" data-widget_type=\"heading.default\">\n\t\t\t\t\t<h2 class=\"elementor-heading-title elementor-size-default\">politique de cookies<\/h2>\t\t\t\t<\/div>\n\t\t\t\t<div class=\"elementor-element elementor-element-796dfb6 elementor-widget elementor-widget-text-editor\" data-id=\"796dfb6\" data-element_type=\"widget\" data-e-type=\"widget\" data-widget_type=\"text-editor.default\">\n\t\t\t\t\t\t\t\t\t<p data-start=\"3571\" data-end=\"3695\">Le site &gt;elena utilise des cookies afin d\u2019assurer son bon fonctionnement et d\u2019am\u00e9liorer votre exp\u00e9rience de navigation.<\/p><ul data-start=\"3720\" data-end=\"3960\"><li data-start=\"3720\" data-end=\"3791\"><p data-start=\"3722\" data-end=\"3791\"><strong data-start=\"3722\" data-end=\"3744\">cookies essentiels<\/strong> : n\u00e9cessaires au bon fonctionnement du site ;<\/p><\/li><li data-start=\"3792\" data-end=\"3883\"><p data-start=\"3794\" data-end=\"3883\"><strong data-start=\"3794\" data-end=\"3817\">cookies analytiques<\/strong> : permettent de mesurer l\u2019audience et d\u2019am\u00e9liorer les contenus ;<\/p><\/li><li data-start=\"3884\" data-end=\"3960\"><p data-start=\"3886\" data-end=\"3960\"><strong data-start=\"3886\" data-end=\"3917\">cookies de personnalisation<\/strong> : adaptent le contenu \u00e0 vos pr\u00e9f\u00e9rences.<\/p><\/li><\/ul><p data-start=\"3962\" data-end=\"4210\">Lors de votre premi\u00e8re visite, un <strong data-start=\"3996\" data-end=\"4023\">bandeau de consentement<\/strong> vous informe de l\u2019utilisation de cookies et vous permet d\u2019accepter ou de refuser leur d\u00e9p\u00f4t.<br data-start=\"4116\" data-end=\"4119\" \/>Vous pouvez modifier vos pr\u00e9f\u00e9rences \u00e0 tout moment dans les param\u00e8tres de votre navigateur.<\/p><p data-start=\"4212\" data-end=\"4268\">Dur\u00e9e de conservation des cookies : <strong data-start=\"4248\" data-end=\"4268\">13 mois maximum.<\/strong><\/p>\t\t\t\t\t\t\t\t<\/div>\n\t\t\t\t<\/div>\n\t\t\t\t\t<\/div>\n\t\t\t\t<\/div>\n\t\t\t\t<\/div>\n\t\t","protected":false},"excerpt":{"rendered":"<p>politique de cookies Le site &gt;elena utilise des cookies afin d\u2019assurer son bon fonctionnement et d\u2019am\u00e9liorer votre exp\u00e9rience de navigation. cookies essentiels : n\u00e9cessaires au bon fonctionnement du site ; cookies analytiques : permettent de mesurer l\u2019audience et d\u2019am\u00e9liorer les contenus ; cookies de personnalisation : adaptent le contenu \u00e0 vos pr\u00e9f\u00e9rences. Lors de votre [&hellip;]<\/p>\n","protected":false},"author":1,"featured_media":0,"parent":0,"menu_order":0,"comment_status":"closed","ping_status":"closed","template":"","meta":{"footnotes":""},"class_list":["post-504","page","type-page","status-publish","hentry"],"_links":{"self":[{"href":"https:\/\/elenassur.com\/index.php\/wp-json\/wp\/v2\/pages\/504","targetHints":{"allow":["GET"]}}],"collection":[{"href":"https:\/\/elenassur.com\/index.php\/wp-json\/wp\/v2\/pages"}],"about":[{"href":"https:\/\/elenassur.com\/index.php\/wp-json\/wp\/v2\/types\/page"}],"author":[{"embeddable":true,"href":"https:\/\/elenassur.com\/index.php\/wp-json\/wp\/v2\/users\/1"}],"replies":[{"embeddable":true,"href":"https:\/\/elenassur.com\/index.php\/wp-json\/wp\/v2\/comments?post=504"}],"version-history":[{"count":10,"href":"https:\/\/elenassur.com\/index.php\/wp-json\/wp\/v2\/pages\/504\/revisions"}],"predecessor-version":[{"id":699,"href":"https:\/\/elenassur.com\/index.php\/wp-json\/wp\/v2\/pages\/504\/revisions\/699"}],"wp:attachment":[{"href":"https:\/\/elenassur.com\/index.php\/wp-json\/wp\/v2\/media?parent=504"}],"curies":[{"name":"wp","href":"https:\/\/api.w.org\/{rel}","templated":true}]}}