{"id":222,"date":"2025-10-15T08:17:43","date_gmt":"2025-10-15T08:17:43","guid":{"rendered":"https:\/\/elenassur.com\/?page_id=222"},"modified":"2025-10-28T15:49:34","modified_gmt":"2025-10-28T15:49:34","slug":"faq","status":"publish","type":"page","link":"https:\/\/elenassur.com\/index.php\/faq\/","title":{"rendered":"faq"},"content":{"rendered":"\t\t<div data-elementor-type=\"wp-page\" data-elementor-id=\"222\" class=\"elementor elementor-222\" data-elementor-post-type=\"page\">\n\t\t\t\t<div class=\"elementor-element elementor-element-190f0d8e e-flex e-con-boxed e-con e-parent\" data-id=\"190f0d8e\" data-element_type=\"container\" data-e-type=\"container\">\n\t\t\t\t\t<div class=\"e-con-inner\">\n\t\t\t\t<div class=\"elementor-element elementor-element-5ddf41ff elementor-widget elementor-widget-heading\" data-id=\"5ddf41ff\" data-element_type=\"widget\" data-e-type=\"widget\" data-widget_type=\"heading.default\">\n\t\t\t\t\t<h2 class=\"elementor-heading-title elementor-size-default\">nous r\u00e9pondons aux questions les plus fr\u00e9quemment pos\u00e9es<\/h2>\t\t\t\t<\/div>\n\t\t<div class=\"elementor-element elementor-element-292de1f e-con-full e-flex e-con e-child\" data-id=\"292de1f\" data-element_type=\"container\" data-e-type=\"container\">\n\t\t\t\t<div class=\"elementor-element elementor-element-2510ec41 elementor-widget__width-initial elementor-widget-tablet__width-inherit elementor-widget elementor-widget-toggle\" data-id=\"2510ec41\" data-element_type=\"widget\" data-e-type=\"widget\" data-widget_type=\"toggle.default\">\n\t\t\t\t\t\t\t<div class=\"elementor-toggle\">\n\t\t\t\t\t\t\t<div class=\"elementor-toggle-item\">\n\t\t\t\t\t<h4 id=\"elementor-tab-title-6211\" class=\"elementor-tab-title\" data-tab=\"1\" role=\"button\" aria-controls=\"elementor-tab-content-6211\" aria-expanded=\"false\">\n\t\t\t\t\t\t\t\t\t\t\t\t<a class=\"elementor-toggle-title\" tabindex=\"0\">Qui \u00eates-vous ?<\/a>\n\t\t\t\t\t<\/h4>\n\n\t\t\t\t\t<div id=\"elementor-tab-content-6211\" class=\"elementor-tab-content elementor-clearfix\" data-tab=\"1\" role=\"region\" aria-labelledby=\"elementor-tab-title-6211\"><p class=\"p1\">&gt;elena \u00a0est une soci\u00e9t\u00e9 familiale de courtage en assurances, implant\u00e9e \u00e0 Sommi\u00e8res, sp\u00e9cialiste des pros et de la nomad&#8217;life.<\/p><p class=\"p1\">Une entreprise \u00e0 taille humaine avec une \u00e9quipe comp\u00e9tente, d\u00e9di\u00e9e \u00e0 ses clients depuis pr\u00e8s de 10 ans.<\/p><\/div>\n\t\t\t\t<\/div>\n\t\t\t\t\t\t\t<div class=\"elementor-toggle-item\">\n\t\t\t\t\t<h4 id=\"elementor-tab-title-6212\" class=\"elementor-tab-title\" data-tab=\"2\" role=\"button\" aria-controls=\"elementor-tab-content-6212\" aria-expanded=\"false\">\n\t\t\t\t\t\t\t\t\t\t\t\t<a class=\"elementor-toggle-title\" tabindex=\"0\">Comment vous joindre ?<\/a>\n\t\t\t\t\t<\/h4>\n\n\t\t\t\t\t<div id=\"elementor-tab-content-6212\" class=\"elementor-tab-content elementor-clearfix\" data-tab=\"2\" role=\"region\" aria-labelledby=\"elementor-tab-title-6212\"><p>Vous pouvez nous joindre par t\u00e9l\u00e9phone au 04 13 33 16 16 du lundi au vendredi de 10h \u00e0 12h et de 13h \u00e0 16h.<\/p><p>Si vous nous contactez en dehors de ces horaires laissez-nous un message vocal, vous serez recontact\u00e9s par l&#8217;un de nos agents.<\/p><\/div>\n\t\t\t\t<\/div>\n\t\t\t\t\t\t\t<div class=\"elementor-toggle-item\">\n\t\t\t\t\t<h4 id=\"elementor-tab-title-6213\" class=\"elementor-tab-title\" data-tab=\"3\" role=\"button\" aria-controls=\"elementor-tab-content-6213\" aria-expanded=\"false\">\n\t\t\t\t\t\t\t\t\t\t\t\t<a class=\"elementor-toggle-title\" tabindex=\"0\">Que proposez-vous ?<\/a>\n\t\t\t\t\t<\/h4>\n\n\t\t\t\t\t<div id=\"elementor-tab-content-6213\" class=\"elementor-tab-content elementor-clearfix\" data-tab=\"3\" role=\"region\" aria-labelledby=\"elementor-tab-title-6213\"><p class=\"p1\">Nous proposons 3 offres principales :<\/p><p class=\"p1\">Les v\u00e9hicules en nomad\u2019life : pour les caravanes, camping-cars, en habitation.<\/p><p class=\"p1\">La responsabilit\u00e9 civile professionnelle : pour les artisans soumis \u00e0 l\u2019obligation d\u2019une garantie d\u00e9cennale.<span class=\"Apple-converted-space\">\u00a0 <\/span><\/p><p class=\"p1\">La pr\u00e9voyance pour les sportifs pros, individuels ou collectifs.<span class=\"Apple-converted-space\">\u00a0 <\/span><\/p><p>\u00a0<\/p><\/div>\n\t\t\t\t<\/div>\n\t\t\t\t\t\t\t\t<\/div>\n\t\t\t\t\t\t<\/div>\n\t\t\t\t<div class=\"elementor-element elementor-element-0eecafe elementor-widget__width-initial elementor-widget-tablet__width-inherit elementor-widget elementor-widget-toggle\" data-id=\"0eecafe\" data-element_type=\"widget\" data-e-type=\"widget\" data-widget_type=\"toggle.default\">\n\t\t\t\t\t\t\t<div class=\"elementor-toggle\">\n\t\t\t\t\t\t\t<div class=\"elementor-toggle-item\">\n\t\t\t\t\t<h4 id=\"elementor-tab-title-1561\" class=\"elementor-tab-title\" data-tab=\"1\" role=\"button\" aria-controls=\"elementor-tab-content-1561\" aria-expanded=\"false\">\n\t\t\t\t\t\t\t\t\t\t\t\t<a class=\"elementor-toggle-title\" tabindex=\"0\">Qu'entendez-vous par nomad'life ?<\/a>\n\t\t\t\t\t<\/h4>\n\n\t\t\t\t\t<div id=\"elementor-tab-content-1561\" class=\"elementor-tab-content elementor-clearfix\" data-tab=\"1\" role=\"region\" aria-labelledby=\"elementor-tab-title-1561\"><p>C\u2019est une vie nomade, chez &gt; elena c&#8217;est l\u2019assurance de caravanes et camping-cars, adapt\u00e9s \u00e0 une vie nomade avec une couverture des risques comme une habitation classique.<\/p><\/div>\n\t\t\t\t<\/div>\n\t\t\t\t\t\t\t<div class=\"elementor-toggle-item\">\n\t\t\t\t\t<h4 id=\"elementor-tab-title-1562\" class=\"elementor-tab-title\" data-tab=\"2\" role=\"button\" aria-controls=\"elementor-tab-content-1562\" aria-expanded=\"false\">\n\t\t\t\t\t\t\t\t\t\t\t\t<a class=\"elementor-toggle-title\" tabindex=\"0\">Je souhaite obtenir un devis, que faire ?<\/a>\n\t\t\t\t\t<\/h4>\n\n\t\t\t\t\t<div id=\"elementor-tab-content-1562\" class=\"elementor-tab-content elementor-clearfix\" data-tab=\"2\" role=\"region\" aria-labelledby=\"elementor-tab-title-1562\"><p>Cliquez sur &#8220;votre devis personnalis\u00e9&#8221; et r\u00e9pondez aux quelques questions. Sinon, vous pouvez joindre l&#8217;un de nos agents aux horaires d&#8217;ouverture de l&#8217;agence.<\/p><\/div>\n\t\t\t\t<\/div>\n\t\t\t\t\t\t\t<div class=\"elementor-toggle-item\">\n\t\t\t\t\t<h4 id=\"elementor-tab-title-1563\" class=\"elementor-tab-title\" data-tab=\"3\" role=\"button\" aria-controls=\"elementor-tab-content-1563\" aria-expanded=\"false\">\n\t\t\t\t\t\t\t\t\t\t\t\t<a class=\"elementor-toggle-title\" tabindex=\"0\">Comment v\u00e9rifiez l'attestation de responsabilit\u00e9 civile d\u00e9cennale remis par mon artisan ?<\/a>\n\t\t\t\t\t<\/h4>\n\n\t\t\t\t\t<div id=\"elementor-tab-content-1563\" class=\"elementor-tab-content elementor-clearfix\" data-tab=\"3\" role=\"region\" aria-labelledby=\"elementor-tab-title-1563\"><p>Pour v\u00e9rifier l&#8217;authenticit\u00e9 d&#8217;une attestation d&#8217;assurance remis par votre artisan, contactez l&#8217;un de nos agents aux horaires d&#8217;ouverture de l&#8217;agence.<br \/>Sinon, vous disposez d&#8217;autres coordonn\u00e9es sur la page &#8220;contactez-nous&#8221;.<\/p><\/div>\n\t\t\t\t<\/div>\n\t\t\t\t\t\t\t\t<\/div>\n\t\t\t\t\t\t<\/div>\n\t\t\t\t<\/div>\n\t\t\t\t\t<\/div>\n\t\t\t\t<\/div>\n\t\t\t\t<\/div>\n\t\t","protected":false},"excerpt":{"rendered":"<p>nous r\u00e9pondons aux questions les plus fr\u00e9quemment pos\u00e9es Qui \u00eates-vous ? &gt;elena \u00a0est une soci\u00e9t\u00e9 familiale de courtage en assurances, implant\u00e9e \u00e0 Sommi\u00e8res, sp\u00e9cialiste des pros et de la nomad&#8217;life. Une entreprise \u00e0 taille humaine avec une \u00e9quipe comp\u00e9tente, d\u00e9di\u00e9e \u00e0 ses clients depuis pr\u00e8s de 10 ans. Comment vous joindre ? Vous pouvez nous [&hellip;]<\/p>\n","protected":false},"author":1,"featured_media":32,"parent":0,"menu_order":0,"comment_status":"closed","ping_status":"closed","template":"elementor_header_footer","meta":{"footnotes":""},"class_list":["post-222","page","type-page","status-publish","has-post-thumbnail","hentry"],"_links":{"self":[{"href":"https:\/\/elenassur.com\/index.php\/wp-json\/wp\/v2\/pages\/222","targetHints":{"allow":["GET"]}}],"collection":[{"href":"https:\/\/elenassur.com\/index.php\/wp-json\/wp\/v2\/pages"}],"about":[{"href":"https:\/\/elenassur.com\/index.php\/wp-json\/wp\/v2\/types\/page"}],"author":[{"embeddable":true,"href":"https:\/\/elenassur.com\/index.php\/wp-json\/wp\/v2\/users\/1"}],"replies":[{"embeddable":true,"href":"https:\/\/elenassur.com\/index.php\/wp-json\/wp\/v2\/comments?post=222"}],"version-history":[{"count":22,"href":"https:\/\/elenassur.com\/index.php\/wp-json\/wp\/v2\/pages\/222\/revisions"}],"predecessor-version":[{"id":856,"href":"https:\/\/elenassur.com\/index.php\/wp-json\/wp\/v2\/pages\/222\/revisions\/856"}],"wp:featuredmedia":[{"embeddable":true,"href":"https:\/\/elenassur.com\/index.php\/wp-json\/wp\/v2\/media\/32"}],"wp:attachment":[{"href":"https:\/\/elenassur.com\/index.php\/wp-json\/wp\/v2\/media?parent=222"}],"curies":[{"name":"wp","href":"https:\/\/api.w.org\/{rel}","templated":true}]}}