{"id":22,"date":"2025-10-13T12:44:39","date_gmt":"2025-10-13T12:44:39","guid":{"rendered":"https:\/\/elenassur.com\/index.php\/our-services\/"},"modified":"2025-10-16T15:13:56","modified_gmt":"2025-10-16T15:13:56","slug":"offres","status":"publish","type":"page","link":"https:\/\/elenassur.com\/index.php\/offres\/","title":{"rendered":"nos offres"},"content":{"rendered":"\t\t<div data-elementor-type=\"wp-page\" data-elementor-id=\"22\" class=\"elementor elementor-22\" data-elementor-post-type=\"page\">\n\t\t\t\t<div class=\"elementor-element elementor-element-1ed5f8f e-flex e-con-boxed e-con e-parent\" data-id=\"1ed5f8f\" data-element_type=\"container\" data-e-type=\"container\">\n\t\t\t\t\t<div class=\"e-con-inner\">\n\t\t\t\t<div class=\"elementor-element elementor-element-a086d25 elementor-widget elementor-widget-heading\" data-id=\"a086d25\" data-element_type=\"widget\" data-e-type=\"widget\" data-widget_type=\"heading.default\">\n\t\t\t\t\t<h2 class=\"elementor-heading-title elementor-size-default\">nos offres<\/h2>\t\t\t\t<\/div>\n\t\t<div class=\"elementor-element elementor-element-0470ac6 e-con-full e-flex e-con e-child\" data-id=\"0470ac6\" data-element_type=\"container\" data-e-type=\"container\">\n\t\t<div class=\"elementor-element elementor-element-93206db e-con-full e-flex e-con e-child\" data-id=\"93206db\" data-element_type=\"container\" data-e-type=\"container\" data-settings=\"{&quot;background_background&quot;:&quot;classic&quot;}\">\n\t\t\t\t<div class=\"elementor-element elementor-element-13a97bf elementor-widget elementor-widget-heading\" data-id=\"13a97bf\" data-element_type=\"widget\" data-e-type=\"widget\" data-widget_type=\"heading.default\">\n\t\t\t\t\t<h4 class=\"elementor-heading-title elementor-size-default\"><a href=\"https:\/\/elenassur.com\/index.php\/vehicules-en-nomadlife\/\"><div>v\u00e9hicules en<\/div>nomad'life<\/a><\/h4>\t\t\t\t<\/div>\n\t\t\t\t<div class=\"elementor-element elementor-element-cd3ee9d elementor-widget-divider--view-line elementor-widget elementor-widget-divider\" data-id=\"cd3ee9d\" data-element_type=\"widget\" data-e-type=\"widget\" data-widget_type=\"divider.default\">\n\t\t\t\t\t\t\t<div class=\"elementor-divider\">\n\t\t\t<span class=\"elementor-divider-separator\">\n\t\t\t\t\t\t<\/span>\n\t\t<\/div>\n\t\t\t\t\t\t<\/div>\n\t\t\t\t<div class=\"elementor-element elementor-element-b17f12a elementor-widget elementor-widget-text-editor\" data-id=\"b17f12a\" data-element_type=\"widget\" data-e-type=\"widget\" data-widget_type=\"text-editor.default\">\n\t\t\t\t\t\t\t\t\t<p>pour les caravanes et les camping cars avec, sans le tractage.<\/p>\t\t\t\t\t\t\t\t<\/div>\n\t\t\t\t<\/div>\n\t\t<div class=\"elementor-element elementor-element-56599f9 e-con-full e-flex e-con e-child\" data-id=\"56599f9\" data-element_type=\"container\" data-e-type=\"container\" data-settings=\"{&quot;background_background&quot;:&quot;classic&quot;}\">\n\t\t\t\t<div class=\"elementor-element elementor-element-6658fae elementor-widget elementor-widget-heading\" data-id=\"6658fae\" data-element_type=\"widget\" data-e-type=\"widget\" data-widget_type=\"heading.default\">\n\t\t\t\t\t<h4 class=\"elementor-heading-title elementor-size-default\"><a href=\"https:\/\/elenassur.com\/index.php\/responsabilite-civile-pro\/\">responsabilit\u00e9<div>civile pro<span style=\"letter-spacing: 0px\"><\/span><\/div><\/a><\/h4>\t\t\t\t<\/div>\n\t\t\t\t<div class=\"elementor-element elementor-element-475c749 elementor-widget-divider--view-line elementor-widget elementor-widget-divider\" data-id=\"475c749\" data-element_type=\"widget\" data-e-type=\"widget\" data-widget_type=\"divider.default\">\n\t\t\t\t\t\t\t<div class=\"elementor-divider\">\n\t\t\t<span class=\"elementor-divider-separator\">\n\t\t\t\t\t\t<\/span>\n\t\t<\/div>\n\t\t\t\t\t\t<\/div>\n\t\t\t\t<div class=\"elementor-element elementor-element-731a16d elementor-widget elementor-widget-text-editor\" data-id=\"731a16d\" data-element_type=\"widget\" data-e-type=\"widget\" data-widget_type=\"text-editor.default\">\n\t\t\t\t\t\t\t\t\t<p>pour les artisans soumis \u00e0 l&#8217;obligation d&#8217;une garantie d\u00e9cennale.<\/p>\t\t\t\t\t\t\t\t<\/div>\n\t\t\t\t<\/div>\n\t\t<div class=\"elementor-element elementor-element-d9dd8c0 e-con-full e-flex e-con e-child\" data-id=\"d9dd8c0\" data-element_type=\"container\" data-e-type=\"container\" data-settings=\"{&quot;background_background&quot;:&quot;classic&quot;}\">\n\t\t\t\t<div class=\"elementor-element elementor-element-fa14ab7 elementor-widget elementor-widget-heading\" data-id=\"fa14ab7\" data-element_type=\"widget\" data-e-type=\"widget\" data-widget_type=\"heading.default\">\n\t\t\t\t\t<h4 class=\"elementor-heading-title elementor-size-default\"><a href=\"https:\/\/elenassur.com\/index.php\/prevoyance-sportif-pro\/\">pr\u00e9voyance&nbsp;<div>sportif pro<span style=\"letter-spacing: 0px\"><\/span><\/div><\/a><\/h4>\t\t\t\t<\/div>\n\t\t\t\t<div class=\"elementor-element elementor-element-d9b6508 elementor-widget-divider--view-line elementor-widget elementor-widget-divider\" data-id=\"d9b6508\" data-element_type=\"widget\" data-e-type=\"widget\" data-widget_type=\"divider.default\">\n\t\t\t\t\t\t\t<div class=\"elementor-divider\">\n\t\t\t<span class=\"elementor-divider-separator\">\n\t\t\t\t\t\t<\/span>\n\t\t<\/div>\n\t\t\t\t\t\t<\/div>\n\t\t\t\t<div class=\"elementor-element elementor-element-9e87f4e elementor-widget elementor-widget-text-editor\" data-id=\"9e87f4e\" data-element_type=\"widget\" data-e-type=\"widget\" data-widget_type=\"text-editor.default\">\n\t\t\t\t\t\t\t\t\t<p>pour les sportifs professionnels individuels et collectifs.\u00a0<\/p>\t\t\t\t\t\t\t\t<\/div>\n\t\t\t\t<\/div>\n\t\t\t\t<\/div>\n\t\t\t\t\t<\/div>\n\t\t\t\t<\/div>\n\t\t\t\t<\/div>\n\t\t","protected":false},"excerpt":{"rendered":"<p>nos offres v\u00e9hicules ennomad&#8217;life pour les caravanes et les camping cars avec, sans le tractage. responsabilit\u00e9civile pro pour les artisans soumis \u00e0 l&#8217;obligation d&#8217;une garantie d\u00e9cennale. pr\u00e9voyance&nbsp;sportif pro pour les sportifs professionnels individuels et collectifs.\u00a0<\/p>\n","protected":false},"author":1,"featured_media":32,"parent":0,"menu_order":0,"comment_status":"closed","ping_status":"closed","template":"elementor_header_footer","meta":{"footnotes":""},"class_list":["post-22","page","type-page","status-publish","has-post-thumbnail","hentry"],"_links":{"self":[{"href":"https:\/\/elenassur.com\/index.php\/wp-json\/wp\/v2\/pages\/22","targetHints":{"allow":["GET"]}}],"collection":[{"href":"https:\/\/elenassur.com\/index.php\/wp-json\/wp\/v2\/pages"}],"about":[{"href":"https:\/\/elenassur.com\/index.php\/wp-json\/wp\/v2\/types\/page"}],"author":[{"embeddable":true,"href":"https:\/\/elenassur.com\/index.php\/wp-json\/wp\/v2\/users\/1"}],"replies":[{"embeddable":true,"href":"https:\/\/elenassur.com\/index.php\/wp-json\/wp\/v2\/comments?post=22"}],"version-history":[{"count":20,"href":"https:\/\/elenassur.com\/index.php\/wp-json\/wp\/v2\/pages\/22\/revisions"}],"predecessor-version":[{"id":713,"href":"https:\/\/elenassur.com\/index.php\/wp-json\/wp\/v2\/pages\/22\/revisions\/713"}],"wp:featuredmedia":[{"embeddable":true,"href":"https:\/\/elenassur.com\/index.php\/wp-json\/wp\/v2\/media\/32"}],"wp:attachment":[{"href":"https:\/\/elenassur.com\/index.php\/wp-json\/wp\/v2\/media?parent=22"}],"curies":[{"name":"wp","href":"https:\/\/api.w.org\/{rel}","templated":true}]}}