{"id":16,"date":"2025-10-13T12:44:38","date_gmt":"2025-10-13T12:44:38","guid":{"rendered":"https:\/\/elenassur.com\/index.php\/contact-us\/"},"modified":"2025-10-16T13:07:32","modified_gmt":"2025-10-16T13:07:32","slug":"contact","status":"publish","type":"page","link":"https:\/\/elenassur.com\/index.php\/contact\/","title":{"rendered":"contactez-nous"},"content":{"rendered":"\t\t<div data-elementor-type=\"wp-page\" data-elementor-id=\"16\" class=\"elementor elementor-16\" data-elementor-post-type=\"page\">\n\t\t\t\t<div class=\"elementor-element elementor-element-a22a5cd e-flex e-con-boxed e-con e-parent\" data-id=\"a22a5cd\" data-element_type=\"container\" data-e-type=\"container\">\n\t\t\t\t\t<div class=\"e-con-inner\">\n\t\t<div class=\"elementor-element elementor-element-7b6c564 e-con-full e-flex e-con e-child\" data-id=\"7b6c564\" data-element_type=\"container\" data-e-type=\"container\">\n\t\t\t\t<div class=\"elementor-element elementor-element-f56531c elementor-widget elementor-widget-image\" data-id=\"f56531c\" data-element_type=\"widget\" data-e-type=\"widget\" data-widget_type=\"image.default\">\n\t\t\t\t\t\t\t\t\t\t\t\t\t\t\t<img fetchpriority=\"high\" decoding=\"async\" width=\"800\" height=\"800\" src=\"https:\/\/elenassur.com\/wp-content\/uploads\/2025\/10\/carre-multicolore-1024x1024.png\" class=\"attachment-large size-large wp-image-233\" alt=\"\" srcset=\"https:\/\/elenassur.com\/wp-content\/uploads\/2025\/10\/carre-multicolore-1024x1024.png 1024w, https:\/\/elenassur.com\/wp-content\/uploads\/2025\/10\/carre-multicolore-300x300.png 300w, https:\/\/elenassur.com\/wp-content\/uploads\/2025\/10\/carre-multicolore-150x150.png 150w, https:\/\/elenassur.com\/wp-content\/uploads\/2025\/10\/carre-multicolore-768x768.png 768w, https:\/\/elenassur.com\/wp-content\/uploads\/2025\/10\/carre-multicolore.webp 1481w\" sizes=\"(max-width: 800px) 100vw, 800px\" \/>\t\t\t\t\t\t\t\t\t\t\t\t\t\t\t<\/div>\n\t\t\t\t<\/div>\n\t\t<div class=\"elementor-element elementor-element-4c60731 e-con-full e-flex e-con e-child\" data-id=\"4c60731\" data-element_type=\"container\" data-e-type=\"container\">\n\t\t<div class=\"elementor-element elementor-element-42b75d0 e-con-full e-flex e-con e-child\" data-id=\"42b75d0\" data-element_type=\"container\" data-e-type=\"container\">\n\t\t\t\t<div class=\"elementor-element elementor-element-92e1a3e elementor-invisible elementor-widget elementor-widget-heading\" data-id=\"92e1a3e\" data-element_type=\"widget\" data-e-type=\"widget\" data-settings=\"{&quot;_animation&quot;:&quot;fadeIn&quot;}\" data-widget_type=\"heading.default\">\n\t\t\t\t\t<h2 class=\"elementor-heading-title elementor-size-default\">parlez \u00e0 l'un de nos agents sans attendre<\/h2>\t\t\t\t<\/div>\n\t\t\t\t<div class=\"elementor-element elementor-element-cc4aa19 elementor-widget elementor-widget-text-editor\" data-id=\"cc4aa19\" data-element_type=\"widget\" data-e-type=\"widget\" data-widget_type=\"text-editor.default\">\n\t\t\t\t\t\t\t\t\t<p>Vous pouvez nous joindre avec l&#8217;un de ces canaux, choisissez le v\u00f4tre.<\/p>\t\t\t\t\t\t\t\t<\/div>\n\t\t\t\t<\/div>\n\t\t\t\t<\/div>\n\t\t<div class=\"elementor-element elementor-element-1c9d47d e-con-full e-flex e-con e-child\" data-id=\"1c9d47d\" data-element_type=\"container\" data-e-type=\"container\">\n\t\t\t\t<div class=\"elementor-element elementor-element-8bc91a4 elementor-hidden-tablet elementor-hidden-mobile elementor-widget elementor-widget-image\" data-id=\"8bc91a4\" data-element_type=\"widget\" data-e-type=\"widget\" data-widget_type=\"image.default\">\n\t\t\t\t\t\t\t\t\t\t\t\t\t\t\t<img fetchpriority=\"high\" decoding=\"async\" width=\"800\" height=\"800\" src=\"https:\/\/elenassur.com\/wp-content\/uploads\/2025\/10\/carre-multicolore-1024x1024.png\" class=\"attachment-large size-large wp-image-233\" alt=\"\" srcset=\"https:\/\/elenassur.com\/wp-content\/uploads\/2025\/10\/carre-multicolore-1024x1024.png 1024w, https:\/\/elenassur.com\/wp-content\/uploads\/2025\/10\/carre-multicolore-300x300.png 300w, https:\/\/elenassur.com\/wp-content\/uploads\/2025\/10\/carre-multicolore-150x150.png 150w, https:\/\/elenassur.com\/wp-content\/uploads\/2025\/10\/carre-multicolore-768x768.png 768w, https:\/\/elenassur.com\/wp-content\/uploads\/2025\/10\/carre-multicolore.webp 1481w\" sizes=\"(max-width: 800px) 100vw, 800px\" \/>\t\t\t\t\t\t\t\t\t\t\t\t\t\t\t<\/div>\n\t\t\t\t<\/div>\n\t\t\t\t\t<\/div>\n\t\t\t\t<\/div>\n\t\t<div class=\"elementor-element elementor-element-2c4c736 e-flex e-con-boxed e-con e-parent\" data-id=\"2c4c736\" data-element_type=\"container\" data-e-type=\"container\">\n\t\t\t\t\t<div class=\"e-con-inner\">\n\t\t<div class=\"elementor-element elementor-element-77dd370 e-con-full e-flex e-con e-child\" data-id=\"77dd370\" data-element_type=\"container\" data-e-type=\"container\">\n\t\t<div class=\"elementor-element elementor-element-0ff339a e-con-full e-flex e-con e-child\" data-id=\"0ff339a\" data-element_type=\"container\" data-e-type=\"container\" data-settings=\"{&quot;background_background&quot;:&quot;classic&quot;}\">\n\t\t\t\t<div class=\"elementor-element elementor-element-8f23a20 elementor-widget elementor-widget-heading\" data-id=\"8f23a20\" data-element_type=\"widget\" data-e-type=\"widget\" data-widget_type=\"heading.default\">\n\t\t\t\t\t<h4 class=\"elementor-heading-title elementor-size-default\">par t\u00e9l\u00e9phone<\/h4>\t\t\t\t<\/div>\n\t\t\t\t<div class=\"elementor-element elementor-element-fdc44b0 elementor-widget-divider--view-line elementor-widget elementor-widget-divider\" data-id=\"fdc44b0\" data-element_type=\"widget\" data-e-type=\"widget\" data-widget_type=\"divider.default\">\n\t\t\t\t\t\t\t<div class=\"elementor-divider\">\n\t\t\t<span class=\"elementor-divider-separator\">\n\t\t\t\t\t\t<\/span>\n\t\t<\/div>\n\t\t\t\t\t\t<\/div>\n\t\t\t\t<div class=\"elementor-element elementor-element-1e048a7 elementor-widget elementor-widget-text-editor\" data-id=\"1e048a7\" data-element_type=\"widget\" data-e-type=\"widget\" data-widget_type=\"text-editor.default\">\n\t\t\t\t\t\t\t\t\t<p>04 13 33 16 16<\/p>\t\t\t\t\t\t\t\t<\/div>\n\t\t\t\t<\/div>\n\t\t<div class=\"elementor-element elementor-element-0cabe8d e-con-full e-flex e-con e-child\" data-id=\"0cabe8d\" data-element_type=\"container\" data-e-type=\"container\" data-settings=\"{&quot;background_background&quot;:&quot;classic&quot;}\">\n\t\t\t\t<div class=\"elementor-element elementor-element-b3a7ed0 elementor-widget elementor-widget-heading\" data-id=\"b3a7ed0\" data-element_type=\"widget\" data-e-type=\"widget\" data-widget_type=\"heading.default\">\n\t\t\t\t\t<h4 class=\"elementor-heading-title elementor-size-default\">par mail<\/h4>\t\t\t\t<\/div>\n\t\t\t\t<div class=\"elementor-element elementor-element-1b0b2fb elementor-widget-divider--view-line elementor-widget elementor-widget-divider\" data-id=\"1b0b2fb\" data-element_type=\"widget\" data-e-type=\"widget\" data-widget_type=\"divider.default\">\n\t\t\t\t\t\t\t<div class=\"elementor-divider\">\n\t\t\t<span class=\"elementor-divider-separator\">\n\t\t\t\t\t\t<\/span>\n\t\t<\/div>\n\t\t\t\t\t\t<\/div>\n\t\t\t\t<div class=\"elementor-element elementor-element-e4a5685 elementor-widget elementor-widget-text-editor\" data-id=\"e4a5685\" data-element_type=\"widget\" data-e-type=\"widget\" data-widget_type=\"text-editor.default\">\n\t\t\t\t\t\t\t\t\t<p>contact(at)elenassur.com<\/p>\t\t\t\t\t\t\t\t<\/div>\n\t\t\t\t<\/div>\n\t\t<div class=\"elementor-element elementor-element-3bc2c3d e-con-full e-flex e-con e-child\" data-id=\"3bc2c3d\" data-element_type=\"container\" data-e-type=\"container\" data-settings=\"{&quot;background_background&quot;:&quot;classic&quot;}\">\n\t\t\t\t<div class=\"elementor-element elementor-element-4426d25 elementor-widget elementor-widget-heading\" data-id=\"4426d25\" data-element_type=\"widget\" data-e-type=\"widget\" data-widget_type=\"heading.default\">\n\t\t\t\t\t<h4 class=\"elementor-heading-title elementor-size-default\">\u00e0 l'agence<\/h4>\t\t\t\t<\/div>\n\t\t\t\t<div class=\"elementor-element elementor-element-11b8894 elementor-widget-divider--view-line elementor-widget elementor-widget-divider\" data-id=\"11b8894\" data-element_type=\"widget\" data-e-type=\"widget\" data-widget_type=\"divider.default\">\n\t\t\t\t\t\t\t<div class=\"elementor-divider\">\n\t\t\t<span class=\"elementor-divider-separator\">\n\t\t\t\t\t\t<\/span>\n\t\t<\/div>\n\t\t\t\t\t\t<\/div>\n\t\t\t\t<div class=\"elementor-element elementor-element-97d3ba8 elementor-widget elementor-widget-text-editor\" data-id=\"97d3ba8\" data-element_type=\"widget\" data-e-type=\"widget\" data-widget_type=\"text-editor.default\">\n\t\t\t\t\t\t\t\t\t<p>9 Rue des Cardes \u00e0 Sommi\u00e8res<\/p>\t\t\t\t\t\t\t\t<\/div>\n\t\t\t\t<\/div>\n\t\t\t\t<\/div>\n\t\t\t\t\t<\/div>\n\t\t\t\t<\/div>\n\t\t\t\t<\/div>\n\t\t","protected":false},"excerpt":{"rendered":"<p>parlez \u00e0 l&#8217;un de nos agents sans attendre Vous pouvez nous joindre avec l&#8217;un de ces canaux, choisissez le v\u00f4tre. par t\u00e9l\u00e9phone 04 13 33 16 16 par mail contact(at)elenassur.com \u00e0 l&#8217;agence 9 Rue des Cardes \u00e0 Sommi\u00e8res<\/p>\n","protected":false},"author":1,"featured_media":21,"parent":0,"menu_order":0,"comment_status":"closed","ping_status":"closed","template":"elementor_header_footer","meta":{"footnotes":""},"class_list":["post-16","page","type-page","status-publish","has-post-thumbnail","hentry"],"_links":{"self":[{"href":"https:\/\/elenassur.com\/index.php\/wp-json\/wp\/v2\/pages\/16","targetHints":{"allow":["GET"]}}],"collection":[{"href":"https:\/\/elenassur.com\/index.php\/wp-json\/wp\/v2\/pages"}],"about":[{"href":"https:\/\/elenassur.com\/index.php\/wp-json\/wp\/v2\/types\/page"}],"author":[{"embeddable":true,"href":"https:\/\/elenassur.com\/index.php\/wp-json\/wp\/v2\/users\/1"}],"replies":[{"embeddable":true,"href":"https:\/\/elenassur.com\/index.php\/wp-json\/wp\/v2\/comments?post=16"}],"version-history":[{"count":44,"href":"https:\/\/elenassur.com\/index.php\/wp-json\/wp\/v2\/pages\/16\/revisions"}],"predecessor-version":[{"id":684,"href":"https:\/\/elenassur.com\/index.php\/wp-json\/wp\/v2\/pages\/16\/revisions\/684"}],"wp:featuredmedia":[{"embeddable":true,"href":"https:\/\/elenassur.com\/index.php\/wp-json\/wp\/v2\/media\/21"}],"wp:attachment":[{"href":"https:\/\/elenassur.com\/index.php\/wp-json\/wp\/v2\/media?parent=16"}],"curies":[{"name":"wp","href":"https:\/\/api.w.org\/{rel}","templated":true}]}}